{"id":57152,"date":"2022-05-27T19:37:25","date_gmt":"2022-05-27T19:37:25","guid":{"rendered":"https:\/\/ilum.cnpem.br\/admissions\/"},"modified":"2026-01-27T12:51:50","modified_gmt":"2026-01-27T12:51:50","slug":"admissions","status":"publish","type":"page","link":"https:\/\/ilum.cnpem.br\/en\/admissions\/","title":{"rendered":"Admissions"},"content":{"rendered":"<div class=\"wpb-content-wrapper\"><p>[vc_row bg_type=&#8221;image&#8221; bg_override=&#8221;full&#8221; enable_overlay=&#8221;enable_overlay_value&#8221; overlay_color=&#8221;rgba(0,0,0,0.5)&#8221; overlay_pattern=&#8221;transperant&#8221; type=&#8221;vc_default&#8221; css=&#8221;.vc_custom_1728323790365{padding-top: 8% !important;padding-bottom: 8% !important;background-image: url(https:\/\/ilum.cnpem.br\/wp-content\/uploads\/2024\/10\/pag-3.png?id=57306) !important;}&#8221;][vc_column css_animation=&#8221;fadeInUp&#8221; offset=&#8221;vc_col-lg-offset-0 vc_col-lg-12 vc_col-md-offset-0 vc_col-md-12&#8243; css=&#8221;.vc_custom_1572543933735{padding-right: 8% !important;padding-left: 8% !important;}&#8221;]<div id=\"ultimate-heading-956969e1ba01ad992\" class=\"uvc-heading ult-adjust-bottom-margin ultimate-heading-956969e1ba01ad992 uvc-5131 \" data-hspacer=\"no_spacer\"  data-halign=\"center\" style=\"text-align:center\"><div class=\"uvc-heading-spacer no_spacer\" style=\"top\"><\/div><div class=\"uvc-sub-heading ult-responsive\"  data-ultimate-target='.uvc-heading.ultimate-heading-956969e1ba01ad992 .uvc-sub-heading '  data-responsive-json-new='{\"font-size\":\"desktop:52px;mobile_landscape:34px;mobile:24px;\",\"line-height\":\"desktop:62px;mobile_landscape:44px;mobile:34px;\"}'  style=\"font-weight:bold;color:#ffffff;\">Admissions<\/div><\/div>[\/vc_column][\/vc_row][vc_row bg_type=&#8221;bg_color&#8221; bg_override=&#8221;ex-full&#8221; type=&#8221;vc_default&#8221; css=&#8221;.vc_custom_1572631450078{padding-top: 80px !important;padding-bottom: 50px !important;}&#8221; bg_color_value=&#8221;#ffffff&#8221; el_id=&#8221;about&#8221;][vc_column width=&#8221;2\/3&#8243; css=&#8221;.vc_custom_1572539262054{padding-bottom: 50px !important;}&#8221;]<div id=\"ultimate-heading-435869e1ba01ada08\" class=\"uvc-heading ult-adjust-bottom-margin ultimate-heading-435869e1ba01ada08 uvc-4957 \" data-hspacer=\"no_spacer\"  data-halign=\"left\" style=\"text-align:left\"><div class=\"uvc-heading-spacer no_spacer\" style=\"top\"><\/div><div class=\"uvc-main-heading ult-responsive\"  data-ultimate-target='.uvc-heading.ultimate-heading-435869e1ba01ada08 h2'  data-responsive-json-new='{\"font-size\":\"desktop:90px;mobile_landscape:60px;\",\"line-height\":\"desktop:100px;mobile_landscape:70px;\"}' ><h2 style=\"font-weight:bold;color:rgba(0,0,0,0.08);margin-bottom:-45px;\">Admissions<\/h2><\/div><\/div><div id=\"ultimate-heading-841469e1ba01ada7b\" class=\"uvc-heading ult-adjust-bottom-margin ultimate-heading-841469e1ba01ada7b uvc-9391 \" data-hspacer=\"no_spacer\"  data-halign=\"left\" style=\"text-align:left\"><div class=\"uvc-heading-spacer no_spacer\" style=\"top\"><\/div><div class=\"uvc-main-heading ult-responsive\"  data-ultimate-target='.uvc-heading.ultimate-heading-841469e1ba01ada7b h2'  data-responsive-json-new='{\"font-size\":\"desktop:38px;mobile_landscape:30px;\",\"line-height\":\"desktop:48px;mobile_landscape:40px;\"}' ><h2 style=\"font-weight:bold;\">Learn more<\/h2><\/div><\/div>[\/vc_column][\/vc_row][vc_row][vc_column width=&#8221;1\/5&#8243; el_class=&#8221;menu_lateral&#8221;][vc_btn title=&#8221;Registration Form&#8221; color=&#8221;warning&#8221; align=&#8221;left&#8221; css=&#8221;&#8221; button_block=&#8221;true&#8221; el_class=&#8221;bt_o_processo bt_o_processo_oformulario&#8221; link=&#8221;url:https%3A%2F%2Filum.perseus.com.br%2Fservicos%2Fprocessoseletivo%2F|&#8221;][vc_btn title=&#8221;The admissions process.&#8221; color=&#8221;warning&#8221; align=&#8221;left&#8221; button_block=&#8221;true&#8221; el_class=&#8221;bt_o_processo bt_o_processo_oprocesso&#8221;][vc_btn title=&#8221;2026 Official Call for Applicants&#8221; color=&#8221;warning&#8221; align=&#8221;left&#8221; css=&#8221;&#8221; button_block=&#8221;true&#8221; el_class=&#8221;bt_o_processo bt_o_processo_edital&#8221;][vc_btn title=&#8221;2026 Applicant Manual&#8221; color=&#8221;warning&#8221; align=&#8221;left&#8221; css=&#8221;&#8221; button_block=&#8221;true&#8221; link=&#8221;url:https%3A%2F%2Filum.cnpem.br%2Fwp-content%2Fuploads%2F2024%2F07%2FManual-Candidato-2025.pdf|&#8221;][vc_btn title=&#8221;Admissions 2024&#8243; color=&#8221;warning&#8221; align=&#8221;left&#8221; button_block=&#8221;true&#8221; link=&#8221;url:https%3A%2F%2Filum.cnpem.br%2Fprocesso-seletivo-2024%2F|&#8221;][vc_row_inner disable_element=&#8221;yes&#8221;][vc_column_inner][\/vc_column_inner][\/vc_row_inner][\/vc_column][vc_column width=&#8221;4\/5&#8243; el_class=&#8221;conteudo&#8221;][vc_row_inner el_id=&#8221;oprocesso&#8221; el_class=&#8221;o_processo o_processo_oprocesso&#8221;][vc_column_inner width=&#8221;1\/2&#8243;]<div class=\"dt-fancy-separator title-left h2-size\" style=\"width: 100%;\"><div class=\"dt-fancy-title\"><span class=\"separator-holder separator-left\"><\/span>REGISTRATION PERIOD: September 1, 2025, to 6:00 p.m. on December 15, 2025<span class=\"separator-holder separator-right\"><\/span><\/div><\/div>[vc_empty_space][vc_single_image image=&#8221;57758&#8243; img_size=&#8221;full&#8221; alignment=&#8221;center&#8221; css_animation=&#8221;slideInLeft&#8221; css=&#8221;&#8221;][\/vc_column_inner][vc_column_inner width=&#8221;1\/2&#8243;][vc_column_text css=&#8221;&#8221;]Applications are exclusively accepted via the Online Application Form (link below).<br \/>\nThe staff of the Ilum School of Science shall adopt the following criteria for admissions, with information provided by the candidates and evaluated by the Evaluation Committee:<br \/>\n<strong>A | Statement of Interest<\/strong> (completed in the Online Application Form). The first stage involves the Statement of Interest, an opportunity for candidates to share the personal and academic experiences that led them to apply for the Bachelor of Science and Technology program at the Ilum School of Science. The Statement of Interest is essential to the admissions process and should be carefully drafted. Candidates are expected to provide an in-depth text explaining their interest in being part of the Ilum School.<br \/>\n<strong>B | ENEM exam score<\/strong> Ilum has access to ENEM scores via the INEP portal using the candidate&#8217;s individual tax ID (CPF), and adds them directly to the system, so candidates do not need to send the score in their application.<br \/>\n<strong>C | Interview with the Evaluation Committee<\/strong>.<br \/>\nThe Evaluation Committee will pre-select up to 100 candidates to invite for individual interviews, which will be recorded and analyzed by the Committee.<br \/>\nThe Ilum School of Science will select 40 of the applicants. The successful candidates must confirm their interest in pursuing the Bachelor of Science and Technology program after being contacted by the Ilum Board of Directors.<br \/>\nIlum will reserve 50% of open slots for students from public schools.[\/vc_column_text][\/vc_column_inner][\/vc_row_inner][vc_row_inner el_class=&#8221;o_processo o_processo_edital&#8221;][vc_column_inner][vc_empty_space height=&#8221;50px&#8221;]<div id=\"ultimate-heading-385769e1ba01adb11\" class=\"uvc-heading ult-adjust-bottom-margin ultimate-heading-385769e1ba01adb11 uvc-7952 \" data-hspacer=\"no_spacer\"  data-halign=\"center\" style=\"text-align:center\"><div class=\"uvc-heading-spacer no_spacer\" style=\"top\"><\/div><div class=\"uvc-main-heading ult-responsive\"  data-ultimate-target='.uvc-heading.ultimate-heading-385769e1ba01adb11 h2'  data-responsive-json-new='{\"font-size\":\"desktop:48px;tablet:40px;tablet_portrait:36px;mobile:30px;\",\"line-height\":\"desktop:58px;tablet:50px;tablet_portrait:46px;mobile:40px;\"}' ><h2 style=\"--font-weight:theme;color:#67246c;\">List of candidates invited for an interview<\/h2><\/div><\/div><div class=\" ubtn-ctn-center \"><a class=\"ubtn-link ult-adjust-bottom-margin ubtn-center ubtn-large \" href=\"https:\/\/ilum.cnpem.br\/wp-content\/uploads\/2026\/01\/LISTA-DE-CONVOCADOS-PARA-ENTREVISTA-26.pdf\" target=\"_blank\" rel=\"noopener\" ><button type=\"button\" id=\"ubtn-1181\"  class=\"ubtn ult-adjust-bottom-margin ult-responsive ubtn-large ubtn-no-hover-bg  none  ubtn-sep-icon ubtn-sep-icon-at-left  ubtn-center   tooltip-69e1ba01adb66\"  data-hover=\"\" data-border-color=\"\" data-bg=\"#ff8700\" data-hover-bg=\"\" data-border-hover=\"\" data-shadow-hover=\"\" data-shadow-click=\"none\" data-shadow=\"\" data-shd-shadow=\"\"  data-ultimate-target='#ubtn-1181'  data-responsive-json-new='{\"font-size\":\"\",\"line-height\":\"\"}'  style=\"font-weight:normal;border:none;background: #ff8700;color: #ffffff;\"><span class=\"ubtn-data ubtn-icon\"><i class=\"dt-icon-the7-download\" style=\"font-size:16px;color:;\"><\/i><\/span><span class=\"ubtn-hover\" style=\"background-color:\"><\/span><span class=\"ubtn-data ubtn-text \" >Download the list<\/span><\/button><\/a><\/div>[\/vc_column_inner][\/vc_row_inner][vc_row_inner el_class=&#8221;o_processo o_processo_edital&#8221;][vc_column_inner][vc_empty_space height=&#8221;50px&#8221;]<div id=\"ultimate-heading-778969e1ba01adc00\" class=\"uvc-heading ult-adjust-bottom-margin ultimate-heading-778969e1ba01adc00 uvc-6609 \" data-hspacer=\"no_spacer\"  data-halign=\"center\" style=\"text-align:center\"><div class=\"uvc-heading-spacer no_spacer\" style=\"top\"><\/div><div class=\"uvc-main-heading ult-responsive\"  data-ultimate-target='.uvc-heading.ultimate-heading-778969e1ba01adc00 h3'  data-responsive-json-new='{\"font-size\":\"desktop:48px;tablet:40px;tablet_portrait:36px;mobile:30px;\",\"line-height\":\"desktop:58px;tablet:50px;tablet_portrait:46px;mobile:40px;\"}' ><h3 style=\"--font-weight:theme;color:#67246c;\">2026 Official Call for Applicants<\/h3><\/div><\/div><div class=\" ubtn-ctn-center \"><a class=\"ubtn-link ult-adjust-bottom-margin ubtn-center ubtn-large \" href=\"https:\/\/ilum.cnpem.br\/wp-content\/uploads\/2025\/09\/EDITAL-PROCESSO-SELETIVO.pdf\" target=\"_blank\" rel=\"noopener\" ><button type=\"button\" id=\"ubtn-3250\"  class=\"ubtn ult-adjust-bottom-margin ult-responsive ubtn-large ubtn-no-hover-bg  none  ubtn-sep-icon ubtn-sep-icon-at-left  ubtn-center   tooltip-69e1ba01adc5c\"  data-hover=\"\" data-border-color=\"\" data-bg=\"#ff8700\" data-hover-bg=\"\" data-border-hover=\"\" data-shadow-hover=\"\" data-shadow-click=\"none\" data-shadow=\"\" data-shd-shadow=\"\"  data-ultimate-target='#ubtn-3250'  data-responsive-json-new='{\"font-size\":\"\",\"line-height\":\"\"}'  style=\"font-weight:normal;border:none;background: #ff8700;color: #ffffff;\"><span class=\"ubtn-data ubtn-icon\"><i class=\"dt-icon-the7-download\" style=\"font-size:16px;color:;\"><\/i><\/span><span class=\"ubtn-hover\" style=\"background-color:\"><\/span><span class=\"ubtn-data ubtn-text \" >Download 2025 Official Call for Applicants<\/span><\/button><\/a><\/div>[\/vc_column_inner][\/vc_row_inner][vc_empty_space height=&#8221;50px&#8221;]<div id=\"ultimate-heading-756369e1ba01adcb3\" class=\"uvc-heading ult-adjust-bottom-margin ultimate-heading-756369e1ba01adcb3 uvc-6523 \" data-hspacer=\"no_spacer\"  data-halign=\"center\" style=\"text-align:center\"><div class=\"uvc-heading-spacer no_spacer\" style=\"top\"><\/div><div class=\"uvc-main-heading ult-responsive\"  data-ultimate-target='.uvc-heading.ultimate-heading-756369e1ba01adcb3 h2'  data-responsive-json-new='{\"font-size\":\"desktop:48px;tablet:40px;tablet_portrait:36px;mobile:30px;\",\"line-height\":\"desktop:58px;tablet:50px;tablet_portrait:46px;mobile:40px;\"}' ><h2 style=\"--font-weight:theme;color:#67246c;\">2026 Applicant Manual<\/h2><\/div><\/div><div class=\" ubtn-ctn-center \"><a class=\"ubtn-link ult-adjust-bottom-margin ubtn-center ubtn-large \" href=\"https:\/\/ilum.cnpem.br\/wp-content\/uploads\/2025\/10\/Manual-Candidato-2026.pdf\" target=\"_blank\" rel=\"noopener\" ><button type=\"button\" id=\"ubtn-7331\"  class=\"ubtn ult-adjust-bottom-margin ult-responsive ubtn-large ubtn-no-hover-bg  none  ubtn-sep-icon ubtn-sep-icon-at-left  ubtn-center   tooltip-69e1ba01adcf7\"  data-hover=\"\" data-border-color=\"\" data-bg=\"#ff8700\" data-hover-bg=\"\" data-border-hover=\"\" data-shadow-hover=\"\" data-shadow-click=\"none\" data-shadow=\"\" data-shd-shadow=\"\"  data-ultimate-target='#ubtn-7331'  data-responsive-json-new='{\"font-size\":\"\",\"line-height\":\"\"}'  style=\"font-weight:normal;border:none;background: #ff8700;color: #ffffff;\"><span class=\"ubtn-data ubtn-icon\"><i class=\"dt-icon-the7-download\" style=\"font-size:16px;color:;\"><\/i><\/span><span class=\"ubtn-hover\" style=\"background-color:\"><\/span><span class=\"ubtn-data ubtn-text \" >Download 2026 Applicant Manual<\/span><\/button><\/a><\/div>[vc_row_inner el_class=&#8221;o_processo o_processo_edital&#8221; el_id=&#8221;manualdocandidato&#8221;][vc_column_inner][\/vc_column_inner][\/vc_row_inner][vc_row_inner disable_element=&#8221;yes&#8221; el_class=&#8221;o_processo o_processo_edital&#8221;][vc_column_inner][vc_empty_space height=&#8221;50px&#8221;]<div id=\"ultimate-heading-208369e1ba01add46\" class=\"uvc-heading ult-adjust-bottom-margin ultimate-heading-208369e1ba01add46 uvc-2263 \" data-hspacer=\"no_spacer\"  data-halign=\"center\" style=\"text-align:center\"><div class=\"uvc-heading-spacer no_spacer\" style=\"top\"><\/div><div class=\"uvc-main-heading ult-responsive\"  data-ultimate-target='.uvc-heading.ultimate-heading-208369e1ba01add46 h2'  data-responsive-json-new='{\"font-size\":\"desktop:48px;tablet:40px;tablet_portrait:36px;mobile:30px;\",\"line-height\":\"desktop:58px;tablet:50px;tablet_portrait:46px;mobile:40px;\"}' ><h2 style=\"--font-weight:theme;color:#67246c;\">Acompanhe sua Inscri\u00e7\u00e3o<\/h2><\/div><\/div><div class=\" ubtn-ctn-center \"><a class=\"ubtn-link ult-adjust-bottom-margin ubtn-center ubtn-large \" href=\"https:\/\/ilum.perseus.com.br\/Servicos\/ProcessoSeletivo\/Autenticacao?PERCodigo=2024-1&PSLCodigo=241&VESCodigo=241\" target=\"_blank\" rel=\"noopener\" ><button type=\"button\" id=\"ubtn-4302\"  class=\"ubtn ult-adjust-bottom-margin ult-responsive ubtn-large ubtn-no-hover-bg  none  ubtn-sep-icon ubtn-sep-icon-at-left  ubtn-center   tooltip-69e1ba01add87\"  data-hover=\"\" data-border-color=\"\" data-bg=\"#ff8700\" data-hover-bg=\"\" data-border-hover=\"\" data-shadow-hover=\"\" data-shadow-click=\"none\" data-shadow=\"\" data-shd-shadow=\"\"  data-ultimate-target='#ubtn-4302'  data-responsive-json-new='{\"font-size\":\"\",\"line-height\":\"\"}'  style=\"font-weight:normal;border:none;background: #ff8700;color: #ffffff;\"><span class=\"ubtn-data ubtn-icon\"><i class=\"dt-icon-the7-download\" style=\"font-size:16px;color:;\"><\/i><\/span><span class=\"ubtn-hover\" style=\"background-color:\"><\/span><span class=\"ubtn-data ubtn-text \" >Acompanhe sua inscri\u00e7\u00e3o<\/span><\/button><\/a><\/div>[\/vc_column_inner][\/vc_row_inner][vc_row_inner disable_element=&#8221;yes&#8221; el_id=&#8221;oformulario&#8221; el_class=&#8221;o_processo o_processo_oformulario&#8221;][vc_column_inner width=&#8221;1\/2&#8243;][vc_empty_space height=&#8221;50px&#8221;]<div class=\"dt-fancy-separator title-left h2-size\" style=\"width: 100%;\"><div class=\"dt-fancy-title\"><span class=\"separator-holder separator-left\"><\/span>Para receber informa\u00e7\u00f5es sobre o pr\u00f3ximo Processo Seletivo, deixe aqui os seus dados de contato.<span class=\"separator-holder separator-right\"><\/span><\/div><\/div>[\/vc_column_inner][vc_column_inner width=&#8221;1\/2&#8243;][vc_empty_space height=&#8221;50px&#8221;]\n<div class=\"wpcf7 no-js\" id=\"wpcf7-f55897-o1\" lang=\"pt-BR\" dir=\"ltr\" data-wpcf7-id=\"55897\">\n<div class=\"screen-reader-response\"><p role=\"status\" aria-live=\"polite\" aria-atomic=\"true\"><\/p> <ul><\/ul><\/div>\n<form action=\"\/en\/wp-json\/wp\/v2\/pages\/57152#wpcf7-f55897-o1\" method=\"post\" class=\"wpcf7-form init\" aria-label=\"Formul\u00e1rios de contato\" novalidate=\"novalidate\" data-status=\"init\">\n<fieldset class=\"hidden-fields-container\"><input type=\"hidden\" name=\"_wpcf7\" value=\"55897\" \/><input type=\"hidden\" name=\"_wpcf7_version\" value=\"6.1.5\" \/><input type=\"hidden\" name=\"_wpcf7_locale\" value=\"pt_BR\" \/><input type=\"hidden\" name=\"_wpcf7_unit_tag\" value=\"wpcf7-f55897-o1\" \/><input type=\"hidden\" name=\"_wpcf7_container_post\" value=\"0\" \/><input type=\"hidden\" name=\"_wpcf7_posted_data_hash\" value=\"\" \/>\n<\/fieldset>\n<p><label> Nome Completo<br \/>\n<span class=\"wpcf7-form-control-wrap\" data-name=\"your-name\"><input size=\"40\" maxlength=\"400\" class=\"wpcf7-form-control wpcf7-text wpcf7-validates-as-required\" aria-required=\"true\" aria-invalid=\"false\" value=\"\" type=\"text\" name=\"your-name\" \/><\/span> <\/label>\n<\/p>\n<p><label> E-mail<br \/>\n<span class=\"wpcf7-form-control-wrap\" data-name=\"your-email\"><input size=\"40\" maxlength=\"400\" class=\"wpcf7-form-control wpcf7-email wpcf7-validates-as-required wpcf7-text wpcf7-validates-as-email\" aria-required=\"true\" aria-invalid=\"false\" value=\"\" type=\"email\" name=\"your-email\" \/><\/span> <\/label>\n<\/p>\n<p><input class=\"wpcf7-form-control wpcf7-submit has-spinner\" type=\"submit\" value=\"enviar\" \/>\n<\/p><div class=\"wpcf7-response-output\" aria-hidden=\"true\"><\/div>\n<\/form>\n<\/div>\n[\/vc_column_inner][\/vc_row_inner]<div id=\"ultimate-heading-597169e1ba01b0d3f\" class=\"uvc-heading ult-adjust-bottom-margin ultimate-heading-597169e1ba01b0d3f uvc-2382 \" data-hspacer=\"no_spacer\"  data-halign=\"center\" style=\"text-align:center\"><div class=\"uvc-heading-spacer no_spacer\" style=\"top\"><\/div><\/div>[\/vc_column][\/vc_row][vc_row][vc_column][vc_empty_space height=&#8221;150px&#8221;][\/vc_column][\/vc_row]<\/p>\n<\/div>","protected":false},"excerpt":{"rendered":"<p>[vc_row bg_type=&#8221;image&#8221; bg_override=&#8221;full&#8221; enable_overlay=&#8221;enable_overlay_value&#8221; overlay_color=&#8221;rgba(0,0,0,0.5)&#8221; overlay_pattern=&#8221;transperant&#8221; type=&#8221;vc_default&#8221; css=&#8221;.vc_custom_1728323790365{padding-top: 8% !important;padding-bottom: 8% !important;background-image: url(https:\/\/ilum.cnpem.br\/wp-content\/uploads\/2024\/10\/pag-3.png?id=57306) !important;}&#8221;][vc_column css_animation=&#8221;fadeInUp&#8221; offset=&#8221;vc_col-lg-offset-0 vc_col-lg-12 vc_col-md-offset-0 vc_col-md-12&#8243; css=&#8221;.vc_custom_1572543933735{padding-right: 8% !important;padding-left: 8% !important;}&#8221;][\/vc_column][\/vc_row][vc_row bg_type=&#8221;bg_color&#8221; bg_override=&#8221;ex-full&#8221; type=&#8221;vc_default&#8221; css=&#8221;.vc_custom_1572631450078{padding-top: 80px !important;padding-bottom: 50px !important;}&#8221; bg_color_value=&#8221;#ffffff&#8221; el_id=&#8221;about&#8221;][vc_column width=&#8221;2\/3&#8243; css=&#8221;.vc_custom_1572539262054{padding-bottom: 50px !important;}&#8221;][\/vc_column][\/vc_row][vc_row][vc_column width=&#8221;1\/5&#8243; el_class=&#8221;menu_lateral&#8221;][vc_btn title=&#8221;Registration Form&#8221; color=&#8221;warning&#8221; align=&#8221;left&#8221; css=&#8221;&#8221; button_block=&#8221;true&#8221; el_class=&#8221;bt_o_processo bt_o_processo_oformulario&#8221; link=&#8221;url:https%3A%2F%2Filum.perseus.com.br%2Fservicos%2Fprocessoseletivo%2F|&#8221;][vc_btn title=&#8221;The admissions process.&#8221; color=&#8221;warning&#8221; align=&#8221;left&#8221; button_block=&#8221;true&#8221;&hellip;<\/p>\n","protected":false},"author":2,"featured_media":0,"parent":0,"menu_order":0,"comment_status":"closed","ping_status":"closed","template":"","meta":{"_monsterinsights_skip_tracking":false,"_monsterinsights_sitenote_active":false,"_monsterinsights_sitenote_note":"","_monsterinsights_sitenote_category":0,"footnotes":"","_links_to":"","_links_to_target":""},"class_list":["post-57152","page","type-page","status-publish","hentry","description-off"],"_links":{"self":[{"href":"https:\/\/ilum.cnpem.br\/en\/wp-json\/wp\/v2\/pages\/57152","targetHints":{"allow":["GET"]}}],"collection":[{"href":"https:\/\/ilum.cnpem.br\/en\/wp-json\/wp\/v2\/pages"}],"about":[{"href":"https:\/\/ilum.cnpem.br\/en\/wp-json\/wp\/v2\/types\/page"}],"author":[{"embeddable":true,"href":"https:\/\/ilum.cnpem.br\/en\/wp-json\/wp\/v2\/users\/2"}],"replies":[{"embeddable":true,"href":"https:\/\/ilum.cnpem.br\/en\/wp-json\/wp\/v2\/comments?post=57152"}],"version-history":[{"count":0,"href":"https:\/\/ilum.cnpem.br\/en\/wp-json\/wp\/v2\/pages\/57152\/revisions"}],"wp:attachment":[{"href":"https:\/\/ilum.cnpem.br\/en\/wp-json\/wp\/v2\/media?parent=57152"}],"curies":[{"name":"wp","href":"https:\/\/api.w.org\/{rel}","templated":true}]}}